{"id":5816,"date":"2022-06-03T15:41:24","date_gmt":"2022-06-03T13:41:24","guid":{"rendered":"https:\/\/www.dicentra.ch\/jardin-papillon\/"},"modified":"2025-05-22T14:51:58","modified_gmt":"2025-05-22T12:51:58","slug":"jardin-papillon","status":"publish","type":"page","link":"https:\/\/www.dicentra.ch\/fr\/jardin-papillon\/","title":{"rendered":"Jardin Papillon"},"content":{"rendered":"\t\t<div data-elementor-type=\"wp-page\" data-elementor-id=\"5816\" class=\"elementor elementor-5816 elementor-1298\" data-elementor-settings=\"{&quot;element_pack_global_tooltip_width&quot;:{&quot;unit&quot;:&quot;px&quot;,&quot;size&quot;:&quot;&quot;,&quot;sizes&quot;:[]},&quot;element_pack_global_tooltip_width_tablet&quot;:{&quot;unit&quot;:&quot;px&quot;,&quot;size&quot;:&quot;&quot;,&quot;sizes&quot;:[]},&quot;element_pack_global_tooltip_width_mobile&quot;:{&quot;unit&quot;:&quot;px&quot;,&quot;size&quot;:&quot;&quot;,&quot;sizes&quot;:[]},&quot;element_pack_global_tooltip_padding&quot;:{&quot;unit&quot;:&quot;px&quot;,&quot;top&quot;:&quot;&quot;,&quot;right&quot;:&quot;&quot;,&quot;bottom&quot;:&quot;&quot;,&quot;left&quot;:&quot;&quot;,&quot;isLinked&quot;:true},&quot;element_pack_global_tooltip_padding_tablet&quot;:{&quot;unit&quot;:&quot;px&quot;,&quot;top&quot;:&quot;&quot;,&quot;right&quot;:&quot;&quot;,&quot;bottom&quot;:&quot;&quot;,&quot;left&quot;:&quot;&quot;,&quot;isLinked&quot;:true},&quot;element_pack_global_tooltip_padding_mobile&quot;:{&quot;unit&quot;:&quot;px&quot;,&quot;top&quot;:&quot;&quot;,&quot;right&quot;:&quot;&quot;,&quot;bottom&quot;:&quot;&quot;,&quot;left&quot;:&quot;&quot;,&quot;isLinked&quot;:true},&quot;element_pack_global_tooltip_border_radius&quot;:{&quot;unit&quot;:&quot;px&quot;,&quot;top&quot;:&quot;&quot;,&quot;right&quot;:&quot;&quot;,&quot;bottom&quot;:&quot;&quot;,&quot;left&quot;:&quot;&quot;,&quot;isLinked&quot;:true},&quot;element_pack_global_tooltip_border_radius_tablet&quot;:{&quot;unit&quot;:&quot;px&quot;,&quot;top&quot;:&quot;&quot;,&quot;right&quot;:&quot;&quot;,&quot;bottom&quot;:&quot;&quot;,&quot;left&quot;:&quot;&quot;,&quot;isLinked&quot;:true},&quot;element_pack_global_tooltip_border_radius_mobile&quot;:{&quot;unit&quot;:&quot;px&quot;,&quot;top&quot;:&quot;&quot;,&quot;right&quot;:&quot;&quot;,&quot;bottom&quot;:&quot;&quot;,&quot;left&quot;:&quot;&quot;,&quot;isLinked&quot;:true}}\" data-elementor-post-type=\"page\">\n\t\t\t\t<div class=\"elementor-element elementor-element-663c76a e-flex e-con-boxed e-con e-parent\" data-id=\"663c76a\" data-element_type=\"container\" data-e-type=\"container\" data-settings=\"{&quot;background_background&quot;:&quot;classic&quot;}\">\n\t\t\t\t\t<div class=\"e-con-inner\">\n\t\t<div class=\"elementor-element elementor-element-280d041 e-con-full e-flex e-con e-child\" data-id=\"280d041\" data-element_type=\"container\" data-e-type=\"container\">\n\t\t\t\t<div class=\"elementor-element elementor-element-5deac62 elementor-widget elementor-widget-menu-anchor\" data-id=\"5deac62\" data-element_type=\"widget\" data-e-type=\"widget\" data-widget_type=\"menu-anchor.default\">\n\t\t\t\t<div class=\"elementor-widget-container\">\n\t\t\t\t\t\t\t<div class=\"elementor-menu-anchor\" id=\"bis2025\"><\/div>\n\t\t\t\t\t\t<\/div>\n\t\t\t\t<\/div>\n\t\t\t\t<\/div>\n\t\t<div class=\"elementor-element elementor-element-052da8e e-con-full e-flex e-con e-child\" data-id=\"052da8e\" data-element_type=\"container\" data-e-type=\"container\">\n\t\t\t\t<\/div>\n\t\t\t\t\t<\/div>\n\t\t\t\t<\/div>\n\t\t<div class=\"elementor-element elementor-element-3e2c39f e-flex e-con-boxed e-con e-parent\" data-id=\"3e2c39f\" data-element_type=\"container\" data-e-type=\"container\">\n\t\t\t\t\t<div class=\"e-con-inner\">\n\t\t<div class=\"elementor-element elementor-element-5df29d4 e-con-full e-flex e-con e-child\" data-id=\"5df29d4\" data-element_type=\"container\" data-e-type=\"container\" data-settings=\"{&quot;background_background&quot;:&quot;classic&quot;}\">\n\t\t\t\t<div class=\"elementor-element elementor-element-2ee0fc9 lithos-font elementor-widget elementor-widget-heading\" data-id=\"2ee0fc9\" data-element_type=\"widget\" data-e-type=\"widget\" data-widget_type=\"heading.default\">\n\t\t\t\t<div class=\"elementor-widget-container\">\n\t\t\t\t\t<h1 class=\"elementor-heading-title elementor-size-default\">Notre jardin du souvenir<\/h1>\t\t\t\t<\/div>\n\t\t\t\t<\/div>\n\t\t\t\t<div class=\"elementor-element elementor-element-da87bf5 elementor-widget-divider--view-line elementor-widget elementor-widget-divider\" data-id=\"da87bf5\" data-element_type=\"widget\" data-e-type=\"widget\" data-widget_type=\"divider.default\">\n\t\t\t\t<div class=\"elementor-widget-container\">\n\t\t\t\t\t\t\t<div class=\"elementor-divider\">\n\t\t\t<span class=\"elementor-divider-separator\">\n\t\t\t\t\t\t<\/span>\n\t\t<\/div>\n\t\t\t\t\t\t<\/div>\n\t\t\t\t<\/div>\n\t\t\t\t<div class=\"elementor-element elementor-element-05def3e elementor-widget elementor-widget-text-editor\" data-id=\"05def3e\" data-element_type=\"widget\" data-e-type=\"widget\" data-widget_type=\"text-editor.default\">\n\t\t\t\t<div class=\"elementor-widget-container\">\n\t\t\t\t\t\t\t\t\tNous avons cr\u00e9\u00e9 un lieu de repos sp\u00e9cial pour votre animal de compagnie sur le terrain du cr\u00e9matoire pour animaux de R\u00fcti. Notre fosse commune permet un enterrement digne de votre animal et le jardin soigneusement con\u00e7u et bien entretenu vous invite \u00e0 vous attarder dans le souvenir.\t\t\t\t\t\t\t\t<\/div>\n\t\t\t\t<\/div>\n\t\t\t\t<\/div>\n\t\t\t\t\t<\/div>\n\t\t\t\t<\/div>\n\t\t<div class=\"elementor-element elementor-element-5738843 e-flex e-con-boxed e-con e-parent\" data-id=\"5738843\" data-element_type=\"container\" data-e-type=\"container\">\n\t\t\t\t\t<div class=\"e-con-inner\">\n\t\t<div class=\"elementor-element elementor-element-35f5245 e-con-full e-flex e-con e-child\" data-id=\"35f5245\" data-element_type=\"container\" data-e-type=\"container\">\n\t\t<div class=\"elementor-element elementor-element-bed189b e-con-full e-flex e-con e-child\" data-id=\"bed189b\" data-element_type=\"container\" data-e-type=\"container\" data-settings=\"{&quot;background_background&quot;:&quot;gradient&quot;}\">\n\t\t\t\t<div class=\"elementor-element elementor-element-0ea86d0 elementor-widget elementor-widget-image\" data-id=\"0ea86d0\" data-element_type=\"widget\" data-e-type=\"widget\" data-widget_type=\"image.default\">\n\t\t\t\t<div class=\"elementor-widget-container\">\n\t\t\t\t\t\t\t\t\t\t\t\t\t\t\t<img fetchpriority=\"high\" decoding=\"async\" width=\"667\" height=\"1000\" src=\"https:\/\/www.dicentra.ch\/wp-content\/uploads\/2022\/04\/Papillongarten_hoch-1.jpg\" class=\"attachment-large size-large wp-image-5628\" alt=\"\" srcset=\"https:\/\/www.dicentra.ch\/wp-content\/uploads\/2022\/04\/Papillongarten_hoch-1.jpg 667w, https:\/\/www.dicentra.ch\/wp-content\/uploads\/2022\/04\/Papillongarten_hoch-1-200x300.jpg 200w, https:\/\/www.dicentra.ch\/wp-content\/uploads\/2022\/04\/Papillongarten_hoch-1-480x720.jpg 480w, https:\/\/www.dicentra.ch\/wp-content\/uploads\/2022\/04\/Papillongarten_hoch-1-600x900.jpg 600w\" sizes=\"(max-width: 667px) 100vw, 667px\" title=\"\">\t\t\t\t\t\t\t\t\t\t\t\t\t\t\t<\/div>\n\t\t\t\t<\/div>\n\t\t\t\t<\/div>\n\t\t<div class=\"elementor-element elementor-element-59e80fd e-con-full e-flex e-con e-child\" data-id=\"59e80fd\" data-element_type=\"container\" data-e-type=\"container\">\n\t\t\t\t<div class=\"elementor-element elementor-element-d22b650 lithos-font elementor-widget elementor-widget-heading\" data-id=\"d22b650\" data-element_type=\"widget\" data-e-type=\"widget\" data-widget_type=\"heading.default\">\n\t\t\t\t<div class=\"elementor-widget-container\">\n\t\t\t\t\t<h2 class=\"elementor-heading-title elementor-size-default\">La fosse commune initiale<\/h2>\t\t\t\t<\/div>\n\t\t\t\t<\/div>\n\t\t\t\t<div class=\"elementor-element elementor-element-5df41fa elementor-widget-divider--view-line elementor-widget elementor-widget-divider\" data-id=\"5df41fa\" data-element_type=\"widget\" data-e-type=\"widget\" data-widget_type=\"divider.default\">\n\t\t\t\t<div class=\"elementor-widget-container\">\n\t\t\t\t\t\t\t<div class=\"elementor-divider\">\n\t\t\t<span class=\"elementor-divider-separator\">\n\t\t\t\t\t\t<\/span>\n\t\t<\/div>\n\t\t\t\t\t\t<\/div>\n\t\t\t\t<\/div>\n\t\t\t\t<div class=\"elementor-element elementor-element-735c75f elementor-widget elementor-widget-text-editor\" data-id=\"735c75f\" data-element_type=\"widget\" data-e-type=\"widget\" data-widget_type=\"text-editor.default\">\n\t\t\t\t<div class=\"elementor-widget-container\">\n\t\t\t\t\t\t\t\t\t<p>Le jardin du souvenir du cr\u00e9matoire animalier de R\u00fcti est depuis le d\u00e9but un lieu de paix et de m\u00e9moire. De nombreux animaux de compagnie bien-aim\u00e9s ont trouv\u00e9 leur dernier lieu de repos dans la fosse commune soigneusement con\u00e7ue.<\/p><p>Pendant longtemps encore, la cuve enterr\u00e9e contiendra les cendres de ceux qui furent autrefois nos compagnons, nos amis et notre famille.<\/p><p>\u00a0<\/p><p>Pour ceux qui ont d\u00e9j\u00e0 enterr\u00e9 un animal ici, cet endroit sp\u00e9cial peut \u00e9galement \u00eatre utilis\u00e9 pour de futures inhumations.<\/p>\t\t\t\t\t\t\t\t<\/div>\n\t\t\t\t<\/div>\n\t\t\t\t<\/div>\n\t\t\t\t<\/div>\n\t\t\t\t\t<\/div>\n\t\t\t\t<\/div>\n\t\t<div class=\"elementor-element elementor-element-b529111 e-flex e-con-boxed e-con e-parent\" data-id=\"b529111\" data-element_type=\"container\" data-e-type=\"container\">\n\t\t\t\t\t<div class=\"e-con-inner\">\n\t\t\t\t<div class=\"elementor-element elementor-element-e6f6d83 elementor-widget elementor-widget-menu-anchor\" data-id=\"e6f6d83\" data-element_type=\"widget\" data-e-type=\"widget\" data-widget_type=\"menu-anchor.default\">\n\t\t\t\t<div class=\"elementor-widget-container\">\n\t\t\t\t\t\t\t<div class=\"elementor-menu-anchor\" id=\"ab2025\"><\/div>\n\t\t\t\t\t\t<\/div>\n\t\t\t\t<\/div>\n\t\t\t\t<div class=\"elementor-element elementor-element-6ca3ca7 lithos-font elementor-widget elementor-widget-heading\" data-id=\"6ca3ca7\" data-element_type=\"widget\" data-e-type=\"widget\" data-widget_type=\"heading.default\">\n\t\t\t\t<div class=\"elementor-widget-container\">\n\t\t\t\t\t<h3 class=\"elementor-heading-title elementor-size-default\">Un enterrement digne<\/h3>\t\t\t\t<\/div>\n\t\t\t\t<\/div>\n\t\t\t\t<div class=\"elementor-element elementor-element-675aa1d elementor-widget-divider--view-line elementor-widget elementor-widget-divider\" data-id=\"675aa1d\" data-element_type=\"widget\" data-e-type=\"widget\" data-widget_type=\"divider.default\">\n\t\t\t\t<div class=\"elementor-widget-container\">\n\t\t\t\t\t\t\t<div class=\"elementor-divider\">\n\t\t\t<span class=\"elementor-divider-separator\">\n\t\t\t\t\t\t<\/span>\n\t\t<\/div>\n\t\t\t\t\t\t<\/div>\n\t\t\t\t<\/div>\n\t\t\t\t<div class=\"elementor-element elementor-element-12f9363 elementor-widget__width-initial elementor-widget-tablet__width-inherit elementor-widget elementor-widget-text-editor\" data-id=\"12f9363\" data-element_type=\"widget\" data-e-type=\"widget\" data-widget_type=\"text-editor.default\">\n\t\t\t\t<div class=\"elementor-widget-container\">\n\t\t\t\t\t\t\t\t\t<p>Si vous ne souhaitez pas avoir d\u2019urne chez vous, la <a href=\"https:\/\/www.dicentra.ch\/fr\/cremation\/#choixincineration\">cremation collective<\/a> est une alternative respectueuse pour montrer \u00e0 votre compagnon d\u00e9c\u00e9d\u00e9 sa dignit\u00e9 d\u00e9finitive. Les cendres de plusieurs animaux sont enterr\u00e9es ensemble, cr\u00e9ant ainsi un lieu commun o\u00f9 l\u2019on peut dire au revoir en paix et se souvenir de l\u2019animal bien-aim\u00e9.<\/p><p>Notre \u00e9quipe s\u2019occupera des fun\u00e9railles avec le plus grand soin et se fera un plaisir de r\u00e9pondre \u00e0 toutes vos questions sur la proc\u00e9dure.<\/p>\t\t\t\t\t\t\t\t<\/div>\n\t\t\t\t<\/div>\n\t\t\t\t\t<\/div>\n\t\t\t\t<\/div>\n\t\t<div class=\"elementor-element elementor-element-fb23a14 e-flex e-con-boxed e-con e-parent\" data-id=\"fb23a14\" data-element_type=\"container\" data-e-type=\"container\" data-settings=\"{&quot;background_background&quot;:&quot;gradient&quot;}\">\n\t\t\t\t\t<div class=\"e-con-inner\">\n\t\t<div class=\"elementor-element elementor-element-4b042ae e-con-full e-flex e-con e-child\" data-id=\"4b042ae\" data-element_type=\"container\" data-e-type=\"container\">\n\t\t\t\t<div class=\"elementor-element elementor-element-5d119a6 lithos-font elementor-widget elementor-widget-heading\" data-id=\"5d119a6\" data-element_type=\"widget\" data-e-type=\"widget\" data-widget_type=\"heading.default\">\n\t\t\t\t<div class=\"elementor-widget-container\">\n\t\t\t\t\t<h2 class=\"elementor-heading-title elementor-size-default\">L\u2019extension du Jardin du souvenir<\/h2>\t\t\t\t<\/div>\n\t\t\t\t<\/div>\n\t\t\t\t<div class=\"elementor-element elementor-element-71c94ac elementor-widget-divider--view-line elementor-widget elementor-widget-divider\" data-id=\"71c94ac\" data-element_type=\"widget\" data-e-type=\"widget\" data-widget_type=\"divider.default\">\n\t\t\t\t<div class=\"elementor-widget-container\">\n\t\t\t\t\t\t\t<div class=\"elementor-divider\">\n\t\t\t<span class=\"elementor-divider-separator\">\n\t\t\t\t\t\t<\/span>\n\t\t<\/div>\n\t\t\t\t\t\t<\/div>\n\t\t\t\t<\/div>\n\t\t\t\t<div class=\"elementor-element elementor-element-539766f elementor-widget elementor-widget-text-editor\" data-id=\"539766f\" data-element_type=\"widget\" data-e-type=\"widget\" data-widget_type=\"text-editor.default\">\n\t\t\t\t<div class=\"elementor-widget-container\">\n\t\t\t\t\t\t\t\t\t<p>Afin de r\u00e9pondre aux besoins croissants, nous avons agrandi le jardin du souvenir avec un nouvel espace. Cela offre un espace suppl\u00e9mentaire pour les cendres des cr\u00e9mations collectives qui auront lieu \u00e0 partir de janvier 2025.<\/p><p>\u00a0<\/p><p>La tombe est entour\u00e9e d\u2019un ruisseau d\u2019eau, qui symbolise non seulement le flux de la vie, mais peut \u00e9galement avoir un effet curatif sur les sentiments profonds.<\/p>\t\t\t\t\t\t\t\t<\/div>\n\t\t\t\t<\/div>\n\t\t\t\t<\/div>\n\t\t<div class=\"elementor-element elementor-element-29d5021 e-con-full e-flex e-con e-child\" data-id=\"29d5021\" data-element_type=\"container\" data-e-type=\"container\">\n\t\t\t\t<div class=\"elementor-element elementor-element-7879960 elementor-widget elementor-widget-image\" data-id=\"7879960\" data-element_type=\"widget\" data-e-type=\"widget\" data-widget_type=\"image.default\">\n\t\t\t\t<div class=\"elementor-widget-container\">\n\t\t\t\t\t\t\t\t\t\t\t\t\t\t\t<img decoding=\"async\" width=\"800\" height=\"360\" src=\"https:\/\/www.dicentra.ch\/wp-content\/uploads\/2025\/05\/Papillongarten_2025-1024x461.jpg\" class=\"attachment-large size-large wp-image-18122\" alt=\"\" srcset=\"https:\/\/www.dicentra.ch\/wp-content\/uploads\/2025\/05\/Papillongarten_2025-1024x461.jpg 1024w, https:\/\/www.dicentra.ch\/wp-content\/uploads\/2025\/05\/Papillongarten_2025-300x135.jpg 300w, https:\/\/www.dicentra.ch\/wp-content\/uploads\/2025\/05\/Papillongarten_2025-768x346.jpg 768w, https:\/\/www.dicentra.ch\/wp-content\/uploads\/2025\/05\/Papillongarten_2025-1536x691.jpg 1536w, https:\/\/www.dicentra.ch\/wp-content\/uploads\/2025\/05\/Papillongarten_2025-2048x922.jpg 2048w, https:\/\/www.dicentra.ch\/wp-content\/uploads\/2025\/05\/Papillongarten_2025-600x270.jpg 600w\" sizes=\"(max-width: 800px) 100vw, 800px\" title=\"\">\t\t\t\t\t\t\t\t\t\t\t\t\t\t\t<\/div>\n\t\t\t\t<\/div>\n\t\t\t\t<\/div>\n\t\t\t\t\t<\/div>\n\t\t\t\t<\/div>\n\t\t\t\t<\/div>\n\t\t","protected":false},"excerpt":{"rendered":"<p>Notre jardin du souvenir Nous avons cr\u00e9\u00e9 un lieu de repos sp\u00e9cial pour votre animal de compagnie sur le terrain du cr\u00e9matoire pour animaux de R\u00fcti. Notre fosse commune permet un enterrement digne de votre animal et le jardin soigneusement con\u00e7u et bien entretenu vous invite \u00e0 vous attarder dans le souvenir. La fosse commune [&hellip;]<\/p>\n","protected":false},"author":6,"featured_media":0,"parent":0,"menu_order":0,"comment_status":"closed","ping_status":"closed","template":"","meta":{"footnotes":""},"class_list":["post-5816","page","type-page","status-publish","hentry"],"_links":{"self":[{"href":"https:\/\/www.dicentra.ch\/fr\/wp-json\/wp\/v2\/pages\/5816","targetHints":{"allow":["GET"]}}],"collection":[{"href":"https:\/\/www.dicentra.ch\/fr\/wp-json\/wp\/v2\/pages"}],"about":[{"href":"https:\/\/www.dicentra.ch\/fr\/wp-json\/wp\/v2\/types\/page"}],"author":[{"embeddable":true,"href":"https:\/\/www.dicentra.ch\/fr\/wp-json\/wp\/v2\/users\/6"}],"replies":[{"embeddable":true,"href":"https:\/\/www.dicentra.ch\/fr\/wp-json\/wp\/v2\/comments?post=5816"}],"version-history":[{"count":0,"href":"https:\/\/www.dicentra.ch\/fr\/wp-json\/wp\/v2\/pages\/5816\/revisions"}],"wp:attachment":[{"href":"https:\/\/www.dicentra.ch\/fr\/wp-json\/wp\/v2\/media?parent=5816"}],"curies":[{"name":"wp","href":"https:\/\/api.w.org\/{rel}","templated":true}]}}