{"id":11827,"date":"2023-10-03T11:21:49","date_gmt":"2023-10-03T09:21:49","guid":{"rendered":"https:\/\/www.dicentra.ch\/?post_type=product&#038;p=11827"},"modified":"2026-02-03T16:01:16","modified_gmt":"2026-02-03T15:01:16","slug":"bracelets-pour-femmes","status":"publish","type":"product","link":"https:\/\/www.dicentra.ch\/fr\/tierurnen\/bracelets-pour-femmes\/","title":{"rendered":"Bracelets pour femmes"},"content":{"rendered":"","protected":false},"excerpt":{"rendered":"<p>&nbsp;<\/p>\n<p>Le cuir de b\u0153uf solide, l&rsquo;acier inoxydable 316 et l&rsquo;or dur extr\u00eamement r\u00e9sistant rendent ces bracelets pour femmes durables malgr\u00e9 la finesse de leur fabrication. Le fermoir magn\u00e9tique permet une mise en place facile. Si les instructions d&rsquo;entretien sont respect\u00e9es, le bijou se conservera pendant des ann\u00e9es.<\/p>\n","protected":false},"featured_media":12019,"comment_status":"closed","ping_status":"closed","template":"","meta":[],"product_brand":[],"product_cat":[241],"product_tag":[],"class_list":{"0":"post-11827","1":"product","2":"type-product","3":"status-publish","4":"has-post-thumbnail","6":"product_cat-bracelet-fr","7":"pa_material-acier-inoxydable","8":"pa_material-cuir","10":"first","11":"instock","12":"taxable","13":"shipping-taxable","14":"purchasable","15":"product-type-variable"},"_links":{"self":[{"href":"https:\/\/www.dicentra.ch\/fr\/wp-json\/wp\/v2\/product\/11827","targetHints":{"allow":["GET"]}}],"collection":[{"href":"https:\/\/www.dicentra.ch\/fr\/wp-json\/wp\/v2\/product"}],"about":[{"href":"https:\/\/www.dicentra.ch\/fr\/wp-json\/wp\/v2\/types\/product"}],"replies":[{"embeddable":true,"href":"https:\/\/www.dicentra.ch\/fr\/wp-json\/wp\/v2\/comments?post=11827"}],"version-history":[{"count":1,"href":"https:\/\/www.dicentra.ch\/fr\/wp-json\/wp\/v2\/product\/11827\/revisions"}],"predecessor-version":[{"id":22217,"href":"https:\/\/www.dicentra.ch\/fr\/wp-json\/wp\/v2\/product\/11827\/revisions\/22217"}],"wp:featuredmedia":[{"embeddable":true,"href":"https:\/\/www.dicentra.ch\/fr\/wp-json\/wp\/v2\/media\/12019"}],"wp:attachment":[{"href":"https:\/\/www.dicentra.ch\/fr\/wp-json\/wp\/v2\/media?parent=11827"}],"wp:term":[{"taxonomy":"product_brand","embeddable":true,"href":"https:\/\/www.dicentra.ch\/fr\/wp-json\/wp\/v2\/product_brand?post=11827"},{"taxonomy":"product_cat","embeddable":true,"href":"https:\/\/www.dicentra.ch\/fr\/wp-json\/wp\/v2\/product_cat?post=11827"},{"taxonomy":"product_tag","embeddable":true,"href":"https:\/\/www.dicentra.ch\/fr\/wp-json\/wp\/v2\/product_tag?post=11827"}],"curies":[{"name":"wp","href":"https:\/\/api.w.org\/{rel}","templated":true}]}}