{"id":11848,"date":"2023-08-31T10:06:38","date_gmt":"2023-08-31T08:06:38","guid":{"rendered":"https:\/\/www.dicentra.ch\/?post_type=product&#038;p=11848"},"modified":"2026-02-03T16:01:15","modified_gmt":"2026-02-03T15:01:15","slug":"bracelets-pour-hommes","status":"publish","type":"product","link":"https:\/\/www.dicentra.ch\/fr\/tierurnen\/bracelets-pour-hommes\/","title":{"rendered":"Bracelets pour hommes"},"content":{"rendered":"","protected":false},"excerpt":{"rendered":"<p>&nbsp;<\/p>\n<p>Robuste mais discret, ce bijou comm\u00e9moratif s&rsquo;adapte \u00e0 tous les styles. Tant le r\u00e9servoir que le fermoir sont fabriqu\u00e9s en acier inoxydable 316 pur et ne peuvent pas se d\u00e9colorer ou s&rsquo;\u00e9cailler. Le bracelet lui-m\u00eame est fabriqu\u00e9 en cordage de marine r\u00e9sistant qui, gr\u00e2ce au tressage fin, ne provoque aucune irritation de la peau.<\/p>\n","protected":false},"featured_media":21688,"comment_status":"closed","ping_status":"closed","template":"","meta":[],"product_brand":[],"product_cat":[241],"product_tag":[],"class_list":{"0":"post-11848","1":"product","2":"type-product","3":"status-publish","4":"has-post-thumbnail","6":"product_cat-bracelet-fr","7":"pa_material-acier-inoxydable","9":"first","10":"instock","11":"taxable","12":"shipping-taxable","13":"purchasable","14":"product-type-variable"},"_links":{"self":[{"href":"https:\/\/www.dicentra.ch\/fr\/wp-json\/wp\/v2\/product\/11848","targetHints":{"allow":["GET"]}}],"collection":[{"href":"https:\/\/www.dicentra.ch\/fr\/wp-json\/wp\/v2\/product"}],"about":[{"href":"https:\/\/www.dicentra.ch\/fr\/wp-json\/wp\/v2\/types\/product"}],"replies":[{"embeddable":true,"href":"https:\/\/www.dicentra.ch\/fr\/wp-json\/wp\/v2\/comments?post=11848"}],"version-history":[{"count":1,"href":"https:\/\/www.dicentra.ch\/fr\/wp-json\/wp\/v2\/product\/11848\/revisions"}],"predecessor-version":[{"id":22215,"href":"https:\/\/www.dicentra.ch\/fr\/wp-json\/wp\/v2\/product\/11848\/revisions\/22215"}],"wp:featuredmedia":[{"embeddable":true,"href":"https:\/\/www.dicentra.ch\/fr\/wp-json\/wp\/v2\/media\/21688"}],"wp:attachment":[{"href":"https:\/\/www.dicentra.ch\/fr\/wp-json\/wp\/v2\/media?parent=11848"}],"wp:term":[{"taxonomy":"product_brand","embeddable":true,"href":"https:\/\/www.dicentra.ch\/fr\/wp-json\/wp\/v2\/product_brand?post=11848"},{"taxonomy":"product_cat","embeddable":true,"href":"https:\/\/www.dicentra.ch\/fr\/wp-json\/wp\/v2\/product_cat?post=11848"},{"taxonomy":"product_tag","embeddable":true,"href":"https:\/\/www.dicentra.ch\/fr\/wp-json\/wp\/v2\/product_tag?post=11848"}],"curies":[{"name":"wp","href":"https:\/\/api.w.org\/{rel}","templated":true}]}}