{"id":12412,"date":"2023-12-05T15:37:01","date_gmt":"2023-12-05T14:37:01","guid":{"rendered":"https:\/\/www.dicentra.ch\/shop\/cadre-avec-cendres\/"},"modified":"2026-02-03T15:31:49","modified_gmt":"2026-02-03T14:31:49","slug":"cadre-avec-cendres","status":"publish","type":"product","link":"https:\/\/www.dicentra.ch\/fr\/tierurnen\/cadre-avec-cendres\/","title":{"rendered":"Cadre photo pour cendres"},"content":{"rendered":"","protected":false},"excerpt":{"rendered":"<p>Ce cadre peut \u00eatre rempli avec les cendres d&rsquo;un animal pesant jusqu&rsquo;\u00e0 5 kg. Si votre animal est plus lourd, nous pouvons mettre le reste des cendres dans un autre r\u00e9cipient ou dans un sac en plastique.<br \/>\nDimensions de la photo : 10 x 15 cm<\/p>\n","protected":false},"featured_media":12360,"comment_status":"closed","ping_status":"closed","template":"","meta":[],"product_brand":[],"product_cat":[57],"product_tag":[],"class_list":{"0":"post-12412","1":"product","2":"type-product","3":"status-publish","4":"has-post-thumbnail","6":"product_cat-produit-naturel","7":"pa_eigenschaften-fait-a-la-main","8":"pa_material-bois-de-cerisier","10":"first","11":"instock","12":"taxable","13":"shipping-taxable","14":"purchasable","15":"product-type-simple"},"_links":{"self":[{"href":"https:\/\/www.dicentra.ch\/fr\/wp-json\/wp\/v2\/product\/12412","targetHints":{"allow":["GET"]}}],"collection":[{"href":"https:\/\/www.dicentra.ch\/fr\/wp-json\/wp\/v2\/product"}],"about":[{"href":"https:\/\/www.dicentra.ch\/fr\/wp-json\/wp\/v2\/types\/product"}],"replies":[{"embeddable":true,"href":"https:\/\/www.dicentra.ch\/fr\/wp-json\/wp\/v2\/comments?post=12412"}],"version-history":[{"count":1,"href":"https:\/\/www.dicentra.ch\/fr\/wp-json\/wp\/v2\/product\/12412\/revisions"}],"predecessor-version":[{"id":21977,"href":"https:\/\/www.dicentra.ch\/fr\/wp-json\/wp\/v2\/product\/12412\/revisions\/21977"}],"wp:featuredmedia":[{"embeddable":true,"href":"https:\/\/www.dicentra.ch\/fr\/wp-json\/wp\/v2\/media\/12360"}],"wp:attachment":[{"href":"https:\/\/www.dicentra.ch\/fr\/wp-json\/wp\/v2\/media?parent=12412"}],"wp:term":[{"taxonomy":"product_brand","embeddable":true,"href":"https:\/\/www.dicentra.ch\/fr\/wp-json\/wp\/v2\/product_brand?post=12412"},{"taxonomy":"product_cat","embeddable":true,"href":"https:\/\/www.dicentra.ch\/fr\/wp-json\/wp\/v2\/product_cat?post=12412"},{"taxonomy":"product_tag","embeddable":true,"href":"https:\/\/www.dicentra.ch\/fr\/wp-json\/wp\/v2\/product_tag?post=12412"}],"curies":[{"name":"wp","href":"https:\/\/api.w.org\/{rel}","templated":true}]}}