{"id":20429,"date":"2025-11-13T14:04:28","date_gmt":"2025-11-13T13:04:28","guid":{"rendered":"https:\/\/www.dicentra.ch\/tierurnen\/coeur-avec-des-pattes-volantes-bleu-2\/"},"modified":"2026-02-03T15:36:23","modified_gmt":"2026-02-03T14:36:23","slug":"coeur-avec-des-pattes-volantes-bleu-2","status":"publish","type":"product","link":"https:\/\/www.dicentra.ch\/fr\/tierurnen\/coeur-avec-des-pattes-volantes-bleu-2\/","title":{"rendered":"coeur avec des pattes volantes, bleu"},"content":{"rendered":"","protected":false},"excerpt":{"rendered":"<p>&nbsp;<\/p>\n<p>Cette urne pour animal en c\u00e9ramique poss\u00e8de une surface au fini velout\u00e9 et satin\u00e9. Elle est orn\u00e9e d\u2019un c\u0153ur brillant et de petites pattes en vol. Elle est disponible en diff\u00e9rentes couleurs et versions, avec ou sans bougie chauffe-plat.<\/p>\n","protected":false},"featured_media":20141,"comment_status":"closed","ping_status":"closed","template":"","meta":[],"product_brand":[],"product_cat":[55],"product_tag":[],"class_list":{"0":"post-20429","1":"product","2":"type-product","3":"status-publish","4":"has-post-thumbnail","6":"product_cat-classique","7":"pa_material-ceramique","8":"pa_oberflaeche-satine-mat","10":"first","11":"instock","12":"taxable","13":"shipping-taxable","14":"purchasable","15":"product-type-variable"},"_links":{"self":[{"href":"https:\/\/www.dicentra.ch\/fr\/wp-json\/wp\/v2\/product\/20429","targetHints":{"allow":["GET"]}}],"collection":[{"href":"https:\/\/www.dicentra.ch\/fr\/wp-json\/wp\/v2\/product"}],"about":[{"href":"https:\/\/www.dicentra.ch\/fr\/wp-json\/wp\/v2\/types\/product"}],"replies":[{"embeddable":true,"href":"https:\/\/www.dicentra.ch\/fr\/wp-json\/wp\/v2\/comments?post=20429"}],"version-history":[{"count":1,"href":"https:\/\/www.dicentra.ch\/fr\/wp-json\/wp\/v2\/product\/20429\/revisions"}],"predecessor-version":[{"id":22013,"href":"https:\/\/www.dicentra.ch\/fr\/wp-json\/wp\/v2\/product\/20429\/revisions\/22013"}],"wp:featuredmedia":[{"embeddable":true,"href":"https:\/\/www.dicentra.ch\/fr\/wp-json\/wp\/v2\/media\/20141"}],"wp:attachment":[{"href":"https:\/\/www.dicentra.ch\/fr\/wp-json\/wp\/v2\/media?parent=20429"}],"wp:term":[{"taxonomy":"product_brand","embeddable":true,"href":"https:\/\/www.dicentra.ch\/fr\/wp-json\/wp\/v2\/product_brand?post=20429"},{"taxonomy":"product_cat","embeddable":true,"href":"https:\/\/www.dicentra.ch\/fr\/wp-json\/wp\/v2\/product_cat?post=20429"},{"taxonomy":"product_tag","embeddable":true,"href":"https:\/\/www.dicentra.ch\/fr\/wp-json\/wp\/v2\/product_tag?post=20429"}],"curies":[{"name":"wp","href":"https:\/\/api.w.org\/{rel}","templated":true}]}}