{"id":21932,"date":"2025-12-30T11:55:00","date_gmt":"2025-12-30T10:55:00","guid":{"rendered":"https:\/\/www.dicentra.ch\/tierurnen\/coeur-orange\/"},"modified":"2026-02-05T16:35:22","modified_gmt":"2026-02-05T15:35:22","slug":"coeur-orange","status":"publish","type":"product","link":"https:\/\/www.dicentra.ch\/fr\/tierurnen\/coeur-orange\/","title":{"rendered":"Sph\u00e8re orange"},"content":{"rendered":"","protected":false},"excerpt":{"rendered":"<p>&nbsp;<\/p>\n<p>Cette urne fun\u00e9raire r\u00e9sistante aux intemp\u00e9ries, avec son vernis orange, est fabriqu\u00e9e en argile cuite \u00e0 haute temp\u00e9rature. Tr\u00e8s r\u00e9sistante, elle convient donc \u00e0 une utilisation en ext\u00e9rieur. Nous recommandons toutefois de placer l\u2019urne dans un endroit sec pendant l\u2019hiver afin d\u2019\u00e9viter tout dommage d\u00fb au gel.<br \/>\nEn raison du travail artisanal, les nuances de couleur peuvent varier.<\/p>\n<p>&nbsp;<\/p>\n<p>Pour animaux jusqu\u2019a environ 5-10 kg<\/p>\n<p>&nbsp;<\/p>\n","protected":false},"featured_media":21521,"comment_status":"closed","ping_status":"closed","template":"","meta":[],"product_brand":[],"product_cat":[60],"product_tag":[],"class_list":{"0":"post-21932","1":"product","2":"type-product","3":"status-publish","4":"has-post-thumbnail","6":"product_cat-resistant-plein-air","7":"pa_eigenschaften-fait-a-la-main","8":"pa_eigenschaften-resistant-plein-air","9":"pa_material-terre-cuite","10":"pa_oberflaeche-luisant","12":"first","13":"instock","14":"taxable","15":"shipping-taxable","16":"purchasable","17":"product-type-simple"},"_links":{"self":[{"href":"https:\/\/www.dicentra.ch\/fr\/wp-json\/wp\/v2\/product\/21932","targetHints":{"allow":["GET"]}}],"collection":[{"href":"https:\/\/www.dicentra.ch\/fr\/wp-json\/wp\/v2\/product"}],"about":[{"href":"https:\/\/www.dicentra.ch\/fr\/wp-json\/wp\/v2\/types\/product"}],"replies":[{"embeddable":true,"href":"https:\/\/www.dicentra.ch\/fr\/wp-json\/wp\/v2\/comments?post=21932"}],"version-history":[{"count":5,"href":"https:\/\/www.dicentra.ch\/fr\/wp-json\/wp\/v2\/product\/21932\/revisions"}],"predecessor-version":[{"id":22391,"href":"https:\/\/www.dicentra.ch\/fr\/wp-json\/wp\/v2\/product\/21932\/revisions\/22391"}],"wp:featuredmedia":[{"embeddable":true,"href":"https:\/\/www.dicentra.ch\/fr\/wp-json\/wp\/v2\/media\/21521"}],"wp:attachment":[{"href":"https:\/\/www.dicentra.ch\/fr\/wp-json\/wp\/v2\/media?parent=21932"}],"wp:term":[{"taxonomy":"product_brand","embeddable":true,"href":"https:\/\/www.dicentra.ch\/fr\/wp-json\/wp\/v2\/product_brand?post=21932"},{"taxonomy":"product_cat","embeddable":true,"href":"https:\/\/www.dicentra.ch\/fr\/wp-json\/wp\/v2\/product_cat?post=21932"},{"taxonomy":"product_tag","embeddable":true,"href":"https:\/\/www.dicentra.ch\/fr\/wp-json\/wp\/v2\/product_tag?post=21932"}],"curies":[{"name":"wp","href":"https:\/\/api.w.org\/{rel}","templated":true}]}}