{"id":21937,"date":"2026-01-29T13:38:02","date_gmt":"2026-01-29T12:38:02","guid":{"rendered":"https:\/\/www.dicentra.ch\/tierurnen\/flamme-verticale\/"},"modified":"2026-02-05T16:10:25","modified_gmt":"2026-02-05T15:10:25","slug":"flamme-verticale","status":"publish","type":"product","link":"https:\/\/www.dicentra.ch\/fr\/tierurnen\/flamme-verticale\/","title":{"rendered":"Flamme verticale"},"content":{"rendered":"","protected":false},"excerpt":{"rendered":"<p>&nbsp;<\/p>\n<p>Il ne reste plus que quelques exemplaires de cette urne pour animaux \u00e0 la forme particuli\u00e8re, orn\u00e9e d\u2019un motif de flamme.<br \/>\nL\u2019argile cuit \u00e0 haute temp\u00e9rature est tr\u00e8s robuste et convient donc \u00e0 une utilisation en ext\u00e9rieur. Nous recommandons toutefois de placer l\u2019urne dans un endroit sec pendant l\u2019hiver afin d\u2019\u00e9viter tout dommage d\u00fb au gel.<br \/>\nEn raison du travail artisanal, les nuances de couleur peuvent varier.<\/p>\n<p>&nbsp;<\/p>\n<p>Pour animaux jusqu\u2019a environ 15 kg<\/p>\n<p>&nbsp;<\/p>\n","protected":false},"featured_media":21747,"comment_status":"closed","ping_status":"closed","template":"","meta":[],"product_brand":[],"product_cat":[60],"product_tag":[],"class_list":{"0":"post-21937","1":"product","2":"type-product","3":"status-publish","4":"has-post-thumbnail","6":"product_cat-resistant-plein-air","7":"pa_eigenschaften-fait-a-la-main","8":"pa_eigenschaften-resistant-plein-air","9":"pa_material-terre-cuite","10":"pa_oberflaeche-optique-caillou","12":"first","13":"instock","14":"sale","15":"taxable","16":"shipping-taxable","17":"purchasable","18":"product-type-simple"},"_links":{"self":[{"href":"https:\/\/www.dicentra.ch\/fr\/wp-json\/wp\/v2\/product\/21937","targetHints":{"allow":["GET"]}}],"collection":[{"href":"https:\/\/www.dicentra.ch\/fr\/wp-json\/wp\/v2\/product"}],"about":[{"href":"https:\/\/www.dicentra.ch\/fr\/wp-json\/wp\/v2\/types\/product"}],"replies":[{"embeddable":true,"href":"https:\/\/www.dicentra.ch\/fr\/wp-json\/wp\/v2\/comments?post=21937"}],"version-history":[{"count":3,"href":"https:\/\/www.dicentra.ch\/fr\/wp-json\/wp\/v2\/product\/21937\/revisions"}],"predecessor-version":[{"id":22329,"href":"https:\/\/www.dicentra.ch\/fr\/wp-json\/wp\/v2\/product\/21937\/revisions\/22329"}],"wp:featuredmedia":[{"embeddable":true,"href":"https:\/\/www.dicentra.ch\/fr\/wp-json\/wp\/v2\/media\/21747"}],"wp:attachment":[{"href":"https:\/\/www.dicentra.ch\/fr\/wp-json\/wp\/v2\/media?parent=21937"}],"wp:term":[{"taxonomy":"product_brand","embeddable":true,"href":"https:\/\/www.dicentra.ch\/fr\/wp-json\/wp\/v2\/product_brand?post=21937"},{"taxonomy":"product_cat","embeddable":true,"href":"https:\/\/www.dicentra.ch\/fr\/wp-json\/wp\/v2\/product_cat?post=21937"},{"taxonomy":"product_tag","embeddable":true,"href":"https:\/\/www.dicentra.ch\/fr\/wp-json\/wp\/v2\/product_tag?post=21937"}],"curies":[{"name":"wp","href":"https:\/\/api.w.org\/{rel}","templated":true}]}}