{"id":21950,"date":"2026-01-15T16:45:57","date_gmt":"2026-01-15T15:45:57","guid":{"rendered":"https:\/\/www.dicentra.ch\/tierurnen\/aspect-pierre-petits-coeurs\/"},"modified":"2026-02-05T09:45:17","modified_gmt":"2026-02-05T08:45:17","slug":"aspect-pierre-petits-coeurs","status":"publish","type":"product","link":"https:\/\/www.dicentra.ch\/fr\/tierurnen\/aspect-pierre-petits-coeurs\/","title":{"rendered":"Sph\u00e8re, petits c\u0153urs"},"content":{"rendered":"","protected":false},"excerpt":{"rendered":"<p>&nbsp;<\/p>\n<p>COLLECTION SP\u00c9CIALE!<\/p>\n<p>&nbsp;<\/p>\n<p>Nouvelle arriv\u00e9e et disponible uniquement jusqu\u2019\u00e0 \u00e9puisement du stock: cette urne pour animaux r\u00e9sistante aux intemp\u00e9ries est orn\u00e9e de petits c\u0153urs orange.<br \/>\nL\u2019argile cuit \u00e0 haute temp\u00e9rature est tr\u00e8s robuste et convient donc \u00e0 une utilisation en ext\u00e9rieur. Nous recommandons toutefois de placer l\u2019urne dans un endroit sec pendant l\u2019hiver afin d\u2019\u00e9viter tout dommage d\u00fb au gel.<br \/>\nEn raison du travail artisanal, les nuances de couleur peuvent varier. <\/p>\n<p>&nbsp;<\/p>\n<p>Pour animaux jusqu\u2019a environ 15 kg<\/p>\n<p>&nbsp;<\/p>\n","protected":false},"featured_media":21527,"comment_status":"closed","ping_status":"closed","template":"","meta":[],"product_brand":[],"product_cat":[60],"product_tag":[],"class_list":{"0":"post-21950","1":"product","2":"type-product","3":"status-publish","4":"has-post-thumbnail","6":"product_cat-resistant-plein-air","7":"pa_eigenschaften-fait-a-la-main","8":"pa_eigenschaften-resistant-plein-air","9":"pa_material-terre-cuite","10":"pa_oberflaeche-optique-caillou","12":"first","13":"instock","14":"taxable","15":"shipping-taxable","16":"purchasable","17":"product-type-simple"},"_links":{"self":[{"href":"https:\/\/www.dicentra.ch\/fr\/wp-json\/wp\/v2\/product\/21950","targetHints":{"allow":["GET"]}}],"collection":[{"href":"https:\/\/www.dicentra.ch\/fr\/wp-json\/wp\/v2\/product"}],"about":[{"href":"https:\/\/www.dicentra.ch\/fr\/wp-json\/wp\/v2\/types\/product"}],"replies":[{"embeddable":true,"href":"https:\/\/www.dicentra.ch\/fr\/wp-json\/wp\/v2\/comments?post=21950"}],"version-history":[{"count":3,"href":"https:\/\/www.dicentra.ch\/fr\/wp-json\/wp\/v2\/product\/21950\/revisions"}],"predecessor-version":[{"id":22293,"href":"https:\/\/www.dicentra.ch\/fr\/wp-json\/wp\/v2\/product\/21950\/revisions\/22293"}],"wp:featuredmedia":[{"embeddable":true,"href":"https:\/\/www.dicentra.ch\/fr\/wp-json\/wp\/v2\/media\/21527"}],"wp:attachment":[{"href":"https:\/\/www.dicentra.ch\/fr\/wp-json\/wp\/v2\/media?parent=21950"}],"wp:term":[{"taxonomy":"product_brand","embeddable":true,"href":"https:\/\/www.dicentra.ch\/fr\/wp-json\/wp\/v2\/product_brand?post=21950"},{"taxonomy":"product_cat","embeddable":true,"href":"https:\/\/www.dicentra.ch\/fr\/wp-json\/wp\/v2\/product_cat?post=21950"},{"taxonomy":"product_tag","embeddable":true,"href":"https:\/\/www.dicentra.ch\/fr\/wp-json\/wp\/v2\/product_tag?post=21950"}],"curies":[{"name":"wp","href":"https:\/\/api.w.org\/{rel}","templated":true}]}}