{"id":23012,"date":"2026-03-24T15:38:21","date_gmt":"2026-03-24T14:38:21","guid":{"rendered":"https:\/\/www.dicentra.ch\/tierurnen\/natur-pur-resistant-plein-air\/"},"modified":"2026-03-26T14:37:40","modified_gmt":"2026-03-26T13:37:40","slug":"natur-pur-resistant-plein-air","status":"publish","type":"product","link":"https:\/\/www.dicentra.ch\/fr\/tierurnen\/natur-pur-resistant-plein-air\/","title":{"rendered":"Natur-Pur, R\u00e9sistant plein air"},"content":{"rendered":"<p>Ces urnes sont absolument uniques, c&rsquo;est pourquoi les photos du produit ne peuvent \u00eatre consid\u00e9r\u00e9es ici que comme des exemples. L&rsquo;artiste jouit d&rsquo;une totale libert\u00e9 de cr\u00e9ation, utilise pour chaque exemplaire de nouveaux mat\u00e9riaux d&#8217;empreinte et choisit les embl\u00e8mes suppl\u00e9mentaires en fonction de ceux-ci. <\/p>\n<p>Fabriqu\u00e9e en argile cuite \u00e0 haute temp\u00e9rature, cette urne pour animaux est tr\u00e8s robuste et convient donc \u00e0 une utilisation en ext\u00e9rieur. Nous recommandons de placer les urnes dans un endroit sec en hiver afin qu&rsquo;elles ne subissent aucun dommage en cas de gel. <\/p>\n","protected":false},"excerpt":{"rendered":"<p>&nbsp;<\/p>\n<p><strong>Con\u00e7ue en toute libert\u00e9 \u2013 chaque urne est une \u0153uvre d&rsquo;art<\/strong><\/p>\n<p>Cette urne pour animaux, r\u00e9sistante aux intemp\u00e9ries, est fabriqu\u00e9e \u00e0 la main et d\u00e9cor\u00e9e de v\u00e9ritables feuilles et fleurs que l&rsquo;on trouve dans la nature au fil des saisons. Leurs d\u00e9licates empreintes cr\u00e9ent un motif vivant et organique.<br \/>\nLe design est compl\u00e9t\u00e9 par un double c\u0153ur rouge ainsi que d&rsquo;autres touches int\u00e9gr\u00e9es avec amour, qui conf\u00e8rent \u00e0 l&rsquo;urne une profondeur symbolique suppl\u00e9mentaire.<br \/>\nCes pi\u00e8ces uniques sont cr\u00e9\u00e9es librement et individuellement par l&rsquo;artiste. <\/p>\n<p>&nbsp;<\/p>\n<p>Pour les animaux jusqu&rsquo;\u00e0 environ 100 kg<\/p>\n<p>&nbsp;<\/p>\n","protected":false},"featured_media":22992,"comment_status":"closed","ping_status":"closed","template":"","meta":[],"product_brand":[],"product_cat":[60],"product_tag":[],"class_list":{"0":"post-23012","1":"product","2":"type-product","3":"status-publish","4":"has-post-thumbnail","6":"product_cat-resistant-plein-air","7":"pa_eigenschaften-fait-a-la-main","8":"pa_eigenschaften-resistant-plein-air","9":"pa_material-terre-cuite","11":"first","12":"instock","13":"taxable","14":"shipping-taxable","15":"purchasable","16":"product-type-simple"},"_links":{"self":[{"href":"https:\/\/www.dicentra.ch\/fr\/wp-json\/wp\/v2\/product\/23012","targetHints":{"allow":["GET"]}}],"collection":[{"href":"https:\/\/www.dicentra.ch\/fr\/wp-json\/wp\/v2\/product"}],"about":[{"href":"https:\/\/www.dicentra.ch\/fr\/wp-json\/wp\/v2\/types\/product"}],"replies":[{"embeddable":true,"href":"https:\/\/www.dicentra.ch\/fr\/wp-json\/wp\/v2\/comments?post=23012"}],"version-history":[{"count":0,"href":"https:\/\/www.dicentra.ch\/fr\/wp-json\/wp\/v2\/product\/23012\/revisions"}],"wp:featuredmedia":[{"embeddable":true,"href":"https:\/\/www.dicentra.ch\/fr\/wp-json\/wp\/v2\/media\/22992"}],"wp:attachment":[{"href":"https:\/\/www.dicentra.ch\/fr\/wp-json\/wp\/v2\/media?parent=23012"}],"wp:term":[{"taxonomy":"product_brand","embeddable":true,"href":"https:\/\/www.dicentra.ch\/fr\/wp-json\/wp\/v2\/product_brand?post=23012"},{"taxonomy":"product_cat","embeddable":true,"href":"https:\/\/www.dicentra.ch\/fr\/wp-json\/wp\/v2\/product_cat?post=23012"},{"taxonomy":"product_tag","embeddable":true,"href":"https:\/\/www.dicentra.ch\/fr\/wp-json\/wp\/v2\/product_tag?post=23012"}],"curies":[{"name":"wp","href":"https:\/\/api.w.org\/{rel}","templated":true}]}}