{"id":23017,"date":"2026-02-10T12:00:17","date_gmt":"2026-02-10T11:00:17","guid":{"rendered":"https:\/\/www.dicentra.ch\/tierurnen\/urne-en-bois-darolle\/"},"modified":"2026-03-26T14:58:46","modified_gmt":"2026-03-26T13:58:46","slug":"urne-en-bois-darolle","status":"publish","type":"product","link":"https:\/\/www.dicentra.ch\/fr\/tierurnen\/urne-en-bois-darolle\/","title":{"rendered":"Urne en bois d&rsquo;arolle"},"content":{"rendered":"<p>Afin de pr\u00e9server longtemps le bois d&rsquo;arolle, cette urne pour animaux ne doit \u00eatre d\u00e9poussi\u00e9r\u00e9e qu&rsquo;avec un chiffon sec. Elle ne doit en aucun cas entrer en contact avec de l&rsquo;eau, de la graisse ou tout autre liquide. <\/p>\n","protected":false},"excerpt":{"rendered":"<p>&nbsp;<\/p>\n<p><strong>Chaque urne est unique<\/strong><\/p>\n<p>Cette urne pour animaux est fabriqu\u00e9e \u00e0 la main en Suisse et d\u00e9gage un agr\u00e9able parfum de bois d&rsquo;arolle local.<br \/>\nComme cette urne n&rsquo;a subi aucun traitement, il convient de ne pas l&rsquo;exposer \u00e0 la lumi\u00e8re directe du soleil ni de la manipuler avec les mains mouill\u00e9es ou grasses. Un noircissement naturel du bois est tout \u00e0 fait normal. <\/p>\n<p>&nbsp;<\/p>\n","protected":false},"featured_media":22988,"comment_status":"closed","ping_status":"closed","template":"","meta":[],"product_brand":[],"product_cat":[57],"product_tag":[],"class_list":{"0":"post-23017","1":"product","2":"type-product","3":"status-publish","4":"has-post-thumbnail","6":"product_cat-produit-naturel","7":"pa_eigenschaften-biodegradable-fr","8":"pa_eigenschaften-enterrement-autorise","9":"pa_eigenschaften-fait-a-la-main","10":"pa_eigenschaften-produit-naturel","11":"pa_material-bois-darole","13":"first","14":"instock","15":"taxable","16":"shipping-taxable","17":"purchasable","18":"product-type-variable"},"_links":{"self":[{"href":"https:\/\/www.dicentra.ch\/fr\/wp-json\/wp\/v2\/product\/23017","targetHints":{"allow":["GET"]}}],"collection":[{"href":"https:\/\/www.dicentra.ch\/fr\/wp-json\/wp\/v2\/product"}],"about":[{"href":"https:\/\/www.dicentra.ch\/fr\/wp-json\/wp\/v2\/types\/product"}],"replies":[{"embeddable":true,"href":"https:\/\/www.dicentra.ch\/fr\/wp-json\/wp\/v2\/comments?post=23017"}],"version-history":[{"count":0,"href":"https:\/\/www.dicentra.ch\/fr\/wp-json\/wp\/v2\/product\/23017\/revisions"}],"wp:featuredmedia":[{"embeddable":true,"href":"https:\/\/www.dicentra.ch\/fr\/wp-json\/wp\/v2\/media\/22988"}],"wp:attachment":[{"href":"https:\/\/www.dicentra.ch\/fr\/wp-json\/wp\/v2\/media?parent=23017"}],"wp:term":[{"taxonomy":"product_brand","embeddable":true,"href":"https:\/\/www.dicentra.ch\/fr\/wp-json\/wp\/v2\/product_brand?post=23017"},{"taxonomy":"product_cat","embeddable":true,"href":"https:\/\/www.dicentra.ch\/fr\/wp-json\/wp\/v2\/product_cat?post=23017"},{"taxonomy":"product_tag","embeddable":true,"href":"https:\/\/www.dicentra.ch\/fr\/wp-json\/wp\/v2\/product_tag?post=23017"}],"curies":[{"name":"wp","href":"https:\/\/api.w.org\/{rel}","templated":true}]}}