{"id":6462,"date":"2022-03-30T15:21:06","date_gmt":"2022-03-30T13:21:06","guid":{"rendered":"https:\/\/www.dicentra.ch\/produkt\/sphere-rouge\/"},"modified":"2026-02-05T09:39:24","modified_gmt":"2026-02-05T08:39:24","slug":"sphere-rouge","status":"publish","type":"product","link":"https:\/\/www.dicentra.ch\/fr\/tierurnen\/sphere-rouge\/","title":{"rendered":"Sph\u00e8re rouge"},"content":{"rendered":"","protected":false},"excerpt":{"rendered":"<p>&nbsp;<\/p>\n<p>Cette urne fun\u00e9raire r\u00e9sistante aux intemp\u00e9ries, avec son vernis rouge, est fabriqu\u00e9e en argile cuite \u00e0 haute temp\u00e9rature. Tr\u00e8s r\u00e9sistante, elle convient donc \u00e0 une utilisation en ext\u00e9rieur. Nous recommandons toutefois de placer l\u2019urne dans un endroit sec pendant l\u2019hiver afin d\u2019\u00e9viter tout dommage d\u00fb au gel.<br \/>En raison du travail artisanal, les nuances de couleur peuvent varier.  <\/p>\n<p>&nbsp;<\/p>\n","protected":false},"featured_media":4437,"comment_status":"closed","ping_status":"closed","template":"","meta":[],"product_brand":[],"product_cat":[60],"product_tag":[],"class_list":{"0":"post-6462","1":"product","2":"type-product","3":"status-publish","4":"has-post-thumbnail","6":"product_cat-resistant-plein-air","7":"pa_eigenschaften-fait-a-la-main","8":"pa_eigenschaften-resistant-plein-air","9":"pa_material-terre-cuite","10":"pa_oberflaeche-luisant","12":"first","13":"instock","14":"taxable","15":"shipping-taxable","16":"purchasable","17":"product-type-variable"},"_links":{"self":[{"href":"https:\/\/www.dicentra.ch\/fr\/wp-json\/wp\/v2\/product\/6462","targetHints":{"allow":["GET"]}}],"collection":[{"href":"https:\/\/www.dicentra.ch\/fr\/wp-json\/wp\/v2\/product"}],"about":[{"href":"https:\/\/www.dicentra.ch\/fr\/wp-json\/wp\/v2\/types\/product"}],"replies":[{"embeddable":true,"href":"https:\/\/www.dicentra.ch\/fr\/wp-json\/wp\/v2\/comments?post=6462"}],"version-history":[{"count":4,"href":"https:\/\/www.dicentra.ch\/fr\/wp-json\/wp\/v2\/product\/6462\/revisions"}],"predecessor-version":[{"id":22279,"href":"https:\/\/www.dicentra.ch\/fr\/wp-json\/wp\/v2\/product\/6462\/revisions\/22279"}],"wp:featuredmedia":[{"embeddable":true,"href":"https:\/\/www.dicentra.ch\/fr\/wp-json\/wp\/v2\/media\/4437"}],"wp:attachment":[{"href":"https:\/\/www.dicentra.ch\/fr\/wp-json\/wp\/v2\/media?parent=6462"}],"wp:term":[{"taxonomy":"product_brand","embeddable":true,"href":"https:\/\/www.dicentra.ch\/fr\/wp-json\/wp\/v2\/product_brand?post=6462"},{"taxonomy":"product_cat","embeddable":true,"href":"https:\/\/www.dicentra.ch\/fr\/wp-json\/wp\/v2\/product_cat?post=6462"},{"taxonomy":"product_tag","embeddable":true,"href":"https:\/\/www.dicentra.ch\/fr\/wp-json\/wp\/v2\/product_tag?post=6462"}],"curies":[{"name":"wp","href":"https:\/\/api.w.org\/{rel}","templated":true}]}}