{"id":6550,"date":"2022-03-28T14:41:18","date_gmt":"2022-03-28T12:41:18","guid":{"rendered":"https:\/\/www.dicentra.ch\/produkt\/urne-en-bois\/"},"modified":"2026-02-03T15:43:03","modified_gmt":"2026-02-03T14:43:03","slug":"urne-en-bois","status":"publish","type":"product","link":"https:\/\/www.dicentra.ch\/fr\/tierurnen\/urne-en-bois\/","title":{"rendered":"Urne en bois"},"content":{"rendered":"","protected":false},"excerpt":{"rendered":"<p>&nbsp;<\/p>\n<p>Une urne simple en bois de h\u00eatre. Fabriqu\u00e9 \u00e0 la main dans la Fondation Karolinenheim \u00e0 Rumendingen.<\/p>\n","protected":false},"featured_media":4353,"comment_status":"closed","ping_status":"closed","template":"","meta":[],"product_brand":[],"product_cat":[57],"product_tag":[],"class_list":{"0":"post-6550","1":"product","2":"type-product","3":"status-publish","4":"has-post-thumbnail","6":"product_cat-produit-naturel","7":"pa_eigenschaften-biodegradable-fr","8":"pa_eigenschaften-enterrement-autorise","9":"pa_eigenschaften-fait-a-la-main","10":"pa_material-bois-de-hetre","12":"first","13":"instock","14":"taxable","15":"shipping-taxable","16":"purchasable","17":"product-type-variable"},"_links":{"self":[{"href":"https:\/\/www.dicentra.ch\/fr\/wp-json\/wp\/v2\/product\/6550","targetHints":{"allow":["GET"]}}],"collection":[{"href":"https:\/\/www.dicentra.ch\/fr\/wp-json\/wp\/v2\/product"}],"about":[{"href":"https:\/\/www.dicentra.ch\/fr\/wp-json\/wp\/v2\/types\/product"}],"replies":[{"embeddable":true,"href":"https:\/\/www.dicentra.ch\/fr\/wp-json\/wp\/v2\/comments?post=6550"}],"version-history":[{"count":1,"href":"https:\/\/www.dicentra.ch\/fr\/wp-json\/wp\/v2\/product\/6550\/revisions"}],"predecessor-version":[{"id":22075,"href":"https:\/\/www.dicentra.ch\/fr\/wp-json\/wp\/v2\/product\/6550\/revisions\/22075"}],"wp:featuredmedia":[{"embeddable":true,"href":"https:\/\/www.dicentra.ch\/fr\/wp-json\/wp\/v2\/media\/4353"}],"wp:attachment":[{"href":"https:\/\/www.dicentra.ch\/fr\/wp-json\/wp\/v2\/media?parent=6550"}],"wp:term":[{"taxonomy":"product_brand","embeddable":true,"href":"https:\/\/www.dicentra.ch\/fr\/wp-json\/wp\/v2\/product_brand?post=6550"},{"taxonomy":"product_cat","embeddable":true,"href":"https:\/\/www.dicentra.ch\/fr\/wp-json\/wp\/v2\/product_cat?post=6550"},{"taxonomy":"product_tag","embeddable":true,"href":"https:\/\/www.dicentra.ch\/fr\/wp-json\/wp\/v2\/product_tag?post=6550"}],"curies":[{"name":"wp","href":"https:\/\/api.w.org\/{rel}","templated":true}]}}