{"id":6696,"date":"2022-03-25T13:24:18","date_gmt":"2022-03-25T12:24:18","guid":{"rendered":"https:\/\/www.dicentra.ch\/produkt\/sphere-bleue-emaillee\/"},"modified":"2026-02-03T15:31:59","modified_gmt":"2026-02-03T14:31:59","slug":"sphere-bleue-emaillee","status":"publish","type":"product","link":"https:\/\/www.dicentra.ch\/fr\/tierurnen\/sphere-bleue-emaillee\/","title":{"rendered":"Sph\u00e8re bleue \u00e9maill\u00e9e"},"content":{"rendered":"","protected":false},"excerpt":{"rendered":"<p>&nbsp;<\/p>\n<p>Une boule lasur\u00e9e bleue avec des touches de couleur blanche qui ornent la surface.<\/p>\n","protected":false},"featured_media":7759,"comment_status":"closed","ping_status":"closed","template":"","meta":[],"product_brand":[],"product_cat":[132],"product_tag":[],"class_list":{"0":"post-6696","1":"product","2":"type-product","3":"status-publish","4":"has-post-thumbnail","6":"product_cat-divers","7":"pa_material-terre-cuite","8":"pa_oberflaeche-emaille","9":"pa_oberflaeche-luisant","11":"first","12":"instock","13":"taxable","14":"shipping-taxable","15":"purchasable","16":"product-type-variable"},"_links":{"self":[{"href":"https:\/\/www.dicentra.ch\/fr\/wp-json\/wp\/v2\/product\/6696","targetHints":{"allow":["GET"]}}],"collection":[{"href":"https:\/\/www.dicentra.ch\/fr\/wp-json\/wp\/v2\/product"}],"about":[{"href":"https:\/\/www.dicentra.ch\/fr\/wp-json\/wp\/v2\/types\/product"}],"replies":[{"embeddable":true,"href":"https:\/\/www.dicentra.ch\/fr\/wp-json\/wp\/v2\/comments?post=6696"}],"version-history":[{"count":1,"href":"https:\/\/www.dicentra.ch\/fr\/wp-json\/wp\/v2\/product\/6696\/revisions"}],"predecessor-version":[{"id":21982,"href":"https:\/\/www.dicentra.ch\/fr\/wp-json\/wp\/v2\/product\/6696\/revisions\/21982"}],"wp:featuredmedia":[{"embeddable":true,"href":"https:\/\/www.dicentra.ch\/fr\/wp-json\/wp\/v2\/media\/7759"}],"wp:attachment":[{"href":"https:\/\/www.dicentra.ch\/fr\/wp-json\/wp\/v2\/media?parent=6696"}],"wp:term":[{"taxonomy":"product_brand","embeddable":true,"href":"https:\/\/www.dicentra.ch\/fr\/wp-json\/wp\/v2\/product_brand?post=6696"},{"taxonomy":"product_cat","embeddable":true,"href":"https:\/\/www.dicentra.ch\/fr\/wp-json\/wp\/v2\/product_cat?post=6696"},{"taxonomy":"product_tag","embeddable":true,"href":"https:\/\/www.dicentra.ch\/fr\/wp-json\/wp\/v2\/product_tag?post=6696"}],"curies":[{"name":"wp","href":"https:\/\/api.w.org\/{rel}","templated":true}]}}