{"id":6804,"date":"2022-03-18T16:39:46","date_gmt":"2022-03-18T15:39:46","guid":{"rendered":"https:\/\/www.dicentra.ch\/produkt\/brune-avec-empreintes-dorees\/"},"modified":"2026-02-03T15:34:05","modified_gmt":"2026-02-03T14:34:05","slug":"brune-avec-empreintes-dorees","status":"publish","type":"product","link":"https:\/\/www.dicentra.ch\/fr\/tierurnen\/brune-avec-empreintes-dorees\/","title":{"rendered":"Brune avec empreintes dor\u00e9es"},"content":{"rendered":"","protected":false},"excerpt":{"rendered":"<p>&nbsp;<\/p>\n<p>Cette urne pour animaux brune avec un relief de pattes dor\u00e9 a une surface douce et velout\u00e9e et est fabriqu\u00e9e en c\u00e9ramique.<\/p>\n","protected":false},"featured_media":3972,"comment_status":"closed","ping_status":"closed","template":"","meta":[],"product_brand":[],"product_cat":[55],"product_tag":[],"class_list":{"0":"post-6804","1":"product","2":"type-product","3":"status-publish","4":"has-post-thumbnail","6":"product_cat-classique","7":"pa_material-ceramique","8":"pa_oberflaeche-mat","9":"pa_oberflaeche-satine","11":"first","12":"instock","13":"taxable","14":"shipping-taxable","15":"purchasable","16":"product-type-variable"},"_links":{"self":[{"href":"https:\/\/www.dicentra.ch\/fr\/wp-json\/wp\/v2\/product\/6804","targetHints":{"allow":["GET"]}}],"collection":[{"href":"https:\/\/www.dicentra.ch\/fr\/wp-json\/wp\/v2\/product"}],"about":[{"href":"https:\/\/www.dicentra.ch\/fr\/wp-json\/wp\/v2\/types\/product"}],"replies":[{"embeddable":true,"href":"https:\/\/www.dicentra.ch\/fr\/wp-json\/wp\/v2\/comments?post=6804"}],"version-history":[{"count":1,"href":"https:\/\/www.dicentra.ch\/fr\/wp-json\/wp\/v2\/product\/6804\/revisions"}],"predecessor-version":[{"id":21997,"href":"https:\/\/www.dicentra.ch\/fr\/wp-json\/wp\/v2\/product\/6804\/revisions\/21997"}],"wp:featuredmedia":[{"embeddable":true,"href":"https:\/\/www.dicentra.ch\/fr\/wp-json\/wp\/v2\/media\/3972"}],"wp:attachment":[{"href":"https:\/\/www.dicentra.ch\/fr\/wp-json\/wp\/v2\/media?parent=6804"}],"wp:term":[{"taxonomy":"product_brand","embeddable":true,"href":"https:\/\/www.dicentra.ch\/fr\/wp-json\/wp\/v2\/product_brand?post=6804"},{"taxonomy":"product_cat","embeddable":true,"href":"https:\/\/www.dicentra.ch\/fr\/wp-json\/wp\/v2\/product_cat?post=6804"},{"taxonomy":"product_tag","embeddable":true,"href":"https:\/\/www.dicentra.ch\/fr\/wp-json\/wp\/v2\/product_tag?post=6804"}],"curies":[{"name":"wp","href":"https:\/\/api.w.org\/{rel}","templated":true}]}}