{"id":6820,"date":"2022-03-18T16:22:50","date_gmt":"2022-03-18T15:22:50","guid":{"rendered":"https:\/\/www.dicentra.ch\/produkt\/blanche-avec-empreintes-dorees\/"},"modified":"2026-02-03T15:33:59","modified_gmt":"2026-02-03T14:33:59","slug":"blanche-avec-empreintes-dorees","status":"publish","type":"product","link":"https:\/\/www.dicentra.ch\/fr\/tierurnen\/blanche-avec-empreintes-dorees\/","title":{"rendered":"Blanche cr\u00e8me avec empreintes dor\u00e9es"},"content":{"rendered":"","protected":false},"excerpt":{"rendered":"<p>&nbsp;<\/p>\n<p>Cette urne blanche pour animaux avec un relief de pattes dor\u00e9 a une surface douce et velout\u00e9e et est fabriqu\u00e9e en c\u00e9ramique.<\/p>\n","protected":false},"featured_media":3950,"comment_status":"closed","ping_status":"closed","template":"","meta":[],"product_brand":[],"product_cat":[55],"product_tag":[],"class_list":{"0":"post-6820","1":"product","2":"type-product","3":"status-publish","4":"has-post-thumbnail","6":"product_cat-classique","7":"pa_material-ceramique","8":"pa_oberflaeche-mat","9":"pa_oberflaeche-satine","11":"first","12":"instock","13":"taxable","14":"shipping-taxable","15":"purchasable","16":"product-type-variable"},"_links":{"self":[{"href":"https:\/\/www.dicentra.ch\/fr\/wp-json\/wp\/v2\/product\/6820","targetHints":{"allow":["GET"]}}],"collection":[{"href":"https:\/\/www.dicentra.ch\/fr\/wp-json\/wp\/v2\/product"}],"about":[{"href":"https:\/\/www.dicentra.ch\/fr\/wp-json\/wp\/v2\/types\/product"}],"replies":[{"embeddable":true,"href":"https:\/\/www.dicentra.ch\/fr\/wp-json\/wp\/v2\/comments?post=6820"}],"version-history":[{"count":1,"href":"https:\/\/www.dicentra.ch\/fr\/wp-json\/wp\/v2\/product\/6820\/revisions"}],"predecessor-version":[{"id":21996,"href":"https:\/\/www.dicentra.ch\/fr\/wp-json\/wp\/v2\/product\/6820\/revisions\/21996"}],"wp:featuredmedia":[{"embeddable":true,"href":"https:\/\/www.dicentra.ch\/fr\/wp-json\/wp\/v2\/media\/3950"}],"wp:attachment":[{"href":"https:\/\/www.dicentra.ch\/fr\/wp-json\/wp\/v2\/media?parent=6820"}],"wp:term":[{"taxonomy":"product_brand","embeddable":true,"href":"https:\/\/www.dicentra.ch\/fr\/wp-json\/wp\/v2\/product_brand?post=6820"},{"taxonomy":"product_cat","embeddable":true,"href":"https:\/\/www.dicentra.ch\/fr\/wp-json\/wp\/v2\/product_cat?post=6820"},{"taxonomy":"product_tag","embeddable":true,"href":"https:\/\/www.dicentra.ch\/fr\/wp-json\/wp\/v2\/product_tag?post=6820"}],"curies":[{"name":"wp","href":"https:\/\/api.w.org\/{rel}","templated":true}]}}