{"id":7013,"date":"2022-03-17T14:58:30","date_gmt":"2022-03-17T13:58:30","guid":{"rendered":"https:\/\/www.dicentra.ch\/produkt\/coeur-swarovski-bleu\/"},"modified":"2026-02-03T15:40:14","modified_gmt":"2026-02-03T14:40:14","slug":"coeur-swarovski-bleu","status":"publish","type":"product","link":"https:\/\/www.dicentra.ch\/fr\/tierurnen\/coeur-swarovski-bleu\/","title":{"rendered":"C\u0153ur-Swarovski bleu"},"content":{"rendered":"","protected":false},"excerpt":{"rendered":"<p>&nbsp;<\/p>\n<p>L&rsquo;urne en c\u00e9ramique a une surface nacr\u00e9e. Il est d\u00e9cor\u00e9 d&rsquo;un c\u0153ur en Swarovski appliqu\u00e9 \u00e0 la main.<\/p>\n","protected":false},"featured_media":3820,"comment_status":"closed","ping_status":"closed","template":"","meta":[],"product_brand":[],"product_cat":[55],"product_tag":[],"class_list":{"0":"post-7013","1":"product","2":"type-product","3":"status-publish","4":"has-post-thumbnail","6":"product_cat-classique","7":"pa_material-ceramique","8":"pa_oberflaeche-nacre","10":"first","11":"instock","12":"taxable","13":"shipping-taxable","14":"purchasable","15":"product-type-variable"},"_links":{"self":[{"href":"https:\/\/www.dicentra.ch\/fr\/wp-json\/wp\/v2\/product\/7013","targetHints":{"allow":["GET"]}}],"collection":[{"href":"https:\/\/www.dicentra.ch\/fr\/wp-json\/wp\/v2\/product"}],"about":[{"href":"https:\/\/www.dicentra.ch\/fr\/wp-json\/wp\/v2\/types\/product"}],"replies":[{"embeddable":true,"href":"https:\/\/www.dicentra.ch\/fr\/wp-json\/wp\/v2\/comments?post=7013"}],"version-history":[{"count":1,"href":"https:\/\/www.dicentra.ch\/fr\/wp-json\/wp\/v2\/product\/7013\/revisions"}],"predecessor-version":[{"id":22045,"href":"https:\/\/www.dicentra.ch\/fr\/wp-json\/wp\/v2\/product\/7013\/revisions\/22045"}],"wp:featuredmedia":[{"embeddable":true,"href":"https:\/\/www.dicentra.ch\/fr\/wp-json\/wp\/v2\/media\/3820"}],"wp:attachment":[{"href":"https:\/\/www.dicentra.ch\/fr\/wp-json\/wp\/v2\/media?parent=7013"}],"wp:term":[{"taxonomy":"product_brand","embeddable":true,"href":"https:\/\/www.dicentra.ch\/fr\/wp-json\/wp\/v2\/product_brand?post=7013"},{"taxonomy":"product_cat","embeddable":true,"href":"https:\/\/www.dicentra.ch\/fr\/wp-json\/wp\/v2\/product_cat?post=7013"},{"taxonomy":"product_tag","embeddable":true,"href":"https:\/\/www.dicentra.ch\/fr\/wp-json\/wp\/v2\/product_tag?post=7013"}],"curies":[{"name":"wp","href":"https:\/\/api.w.org\/{rel}","templated":true}]}}